
{"id":8063,"date":"2019-06-19T14:57:21","date_gmt":"2019-06-19T12:57:21","guid":{"rendered":"http:\/\/23106.web.zcom.it\/?page_id=8063"},"modified":"2022-07-22T10:17:52","modified_gmt":"2022-07-22T08:17:52","slug":"servizio-trasporto","status":"publish","type":"page","link":"https:\/\/www.gasss.eu\/it\/servizi\/servizio-trasporto\/","title":{"rendered":"Servizio trasporto"},"content":{"rendered":"\t\t<div data-elementor-type=\"wp-post\" data-elementor-id=\"8063\" class=\"elementor elementor-8063 elementor-6928\">\n\t\t\t\t\t\t\t\t\t<section class=\"elementor-section elementor-top-section elementor-element elementor-element-67e2c42 elementor-section-height-min-height elementor-section-stretched elementor-section-boxed elementor-section-height-default elementor-section-items-middle\" data-id=\"67e2c42\" data-element_type=\"section\" data-settings=\"{&quot;background_background&quot;:&quot;classic&quot;,&quot;stretch_section&quot;:&quot;section-stretched&quot;}\">\n\t\t\t\t\t\t\t<div class=\"elementor-background-overlay\"><\/div>\n\t\t\t\t\t\t\t<div class=\"elementor-container elementor-column-gap-extended\">\n\t\t\t\t\t<div class=\"elementor-column elementor-col-100 elementor-top-column elementor-element elementor-element-fe6a199 sc_inner_width_none sc_layouts_column_icons_position_left\" data-id=\"fe6a199\" data-element_type=\"column\">\n\t\t\t<div class=\"elementor-widget-wrap\">\n\t\t\t\t\t\t\t\t\t<\/div>\n\t\t<\/div>\n\t\t\t\t\t\t\t<\/div>\n\t\t<\/section>\n\t\t\t\t<section class=\"elementor-section elementor-top-section elementor-element elementor-element-88f4d9f elementor-section-stretched elementor-section-height-min-height animated-slow elementor-section-boxed elementor-section-height-default elementor-section-items-middle\" data-id=\"88f4d9f\" data-element_type=\"section\" data-settings=\"{&quot;stretch_section&quot;:&quot;section-stretched&quot;,&quot;background_background&quot;:&quot;classic&quot;,&quot;animation&quot;:&quot;none&quot;,&quot;animation_delay&quot;:3}\">\n\t\t\t\t\t\t<div class=\"elementor-container elementor-column-gap-extended\">\n\t\t\t\t\t<div class=\"elementor-column elementor-col-100 elementor-top-column elementor-element elementor-element-a31eef4 sc-mobile_inner_width_none sc_inner_width_none sc_layouts_column_icons_position_left\" data-id=\"a31eef4\" data-element_type=\"column\">\n\t\t\t<div class=\"elementor-widget-wrap elementor-element-populated\">\n\t\t\t\t\t\t\t\t<div class=\"elementor-element elementor-element-47aaead elementor-widget elementor-widget-heading\" data-id=\"47aaead\" data-element_type=\"widget\" data-widget_type=\"heading.default\">\n\t\t\t\t<div class=\"elementor-widget-container\">\n\t\t\t<h1 class=\"elementor-heading-title elementor-size-xl\">trasporto MOTO<\/h1>\t\t<\/div>\n\t\t\t\t<\/div>\n\t\t\t\t<div class=\"elementor-element elementor-element-8ce0f8d elementor-widget elementor-widget-heading\" data-id=\"8ce0f8d\" data-element_type=\"widget\" data-widget_type=\"heading.default\">\n\t\t\t\t<div class=\"elementor-widget-container\">\n\t\t\t<h3 class=\"elementor-heading-title elementor-size-xl\">PREZZI E INFORMAZIONI<\/h3>\t\t<\/div>\n\t\t\t\t<\/div>\n\t\t\t\t<div class=\"elementor-element elementor-element-1c008da elementor-widget elementor-widget-text-editor\" data-id=\"1c008da\" data-element_type=\"widget\" data-widget_type=\"text-editor.default\">\n\t\t\t\t<div class=\"elementor-widget-container\">\n\t\t\t\t\t\t\t<p style=\"border-width: initial; border-style: none;\"><span lang=\"EN\">Sappiamo che il tempo oggi \u00e8 un bene prezioso, quindi ti offriamo di portare la tua cara su due ruote direttamente in pista, e tu puoi arrivare rilassato &#8211; senza stress. Come professionisti sappiamo come trattare la tua moto e l\u2019attrezzatura.<\/span><\/p><p style=\"border-width: initial; border-style: none;\"><span style=\"font-size: 18px;\">I trasporti di solito vengono effettuati direttamente da Gasss. In caso di necessit\u00e0, tuttavia, ci riserviamo il diritto di cooperare con fornitori idonei.<\/span><\/p><p style=\"border-width: initial; border-style: none;\"><span style=\"font-size: 18px;\">Ecco alcune informazioni per te!<\/span><\/p><p style=\"border-width: initial; border-style: none;\"><span style=\"font-size: 18px;\">Prezzo trasporto\u00a0<\/span><a style=\"font-size: 18px; background-color: #ffffff;\" href=\"\/wp-content\/uploads\/2022\/03\/Transportpreis_17032022.pdf\" target=\"_blank\" rel=\"noopener\">#gasss_service<\/a><\/p><p style=\"border-width: initial; border-style: none;\"><strong><span style=\"font-size: 18px;\">Partenza del trasporto:<\/span><\/strong><\/p><ul><li><span lang=\"EN\" style=\"font-size: 18px; text-indent: -18pt;\">Alto Adige\/Italia in alternativa direttamente in pista durante i nostri eventi<\/span><\/li><\/ul><p style=\"border-width: initial; border-style: none;\"><span style=\"font-size: 18px;\"><strong>Richieste di ritiro dirette:\u00a0<\/strong><\/span><span style=\"font-size: 18px; color: var( --e-global-color-text );\">dachiarire per favore via e-mail\u00a0<\/span><a style=\"font-size: 18px; background-color: #ffffff;\" href=\"mailto:info@gasss.eu\" target=\"_blank\" rel=\"noopener\">info@gasss.eu<\/a><span style=\"font-size: 18px; color: var( --e-global-color-text );\">\u00a0oppure per telefono.\u00a0<\/span><\/p><p style=\"border-width: initial; border-style: none;\"><b><span style=\"font-size: 18px;\">Incluso nel prezzo di trasporto:<\/span><\/b><\/p><ul><li><span lang=\"EN\" style=\"font-size: 18px; text-indent: -18pt;\">moto con 2 cavalletti per moto oppure 1 cavalletto centrale<\/span><\/li><li><span style=\"font-size: 18px; text-indent: -18pt;\">due casse di plastica impilabili max. 60 x 40 x 40 chiuso con coperchio<\/span><\/li><li><span style=\"font-size: 18px; text-indent: -18pt;\">un\u00a0 tanica da 20 l &#8211; VUOTA<\/span><\/li><li><span lang=\"EN\" style=\"font-size: 18px; text-indent: -18pt;\"><span style=\"font-style: normal; font-variant-numeric: normal; font-variant-east-asian: normal; font-weight: normal; font-stretch: normal; font-size: 7pt; line-height: normal; font-family: 'Times New Roman';\">\u00a0<\/span><\/span><span lang=\"EN\" style=\"font-size: 18px; text-indent: -18pt;\">due sedie da campeggio pieghevoli<\/span><\/li><li>tuta<\/li><\/ul><p style=\"border-width: initial; border-style: none;\"><span style=\"font-size: 18px;\"><strong>Bagaglio aggiuntivo<\/strong> pu\u00f2 essere trasportato solo se abbiamo capacit\u00e0 sufficiente, ed \u00e8 considerato bagaglio in eccesso contro pagamento:<\/span><\/p><ul><li><span style=\"font-size: 18px; text-indent: -18pt;\">borsone\u00a0\u00a0 \u00a0\u00a0\u00a0 \u00a0\u00a0\u00a0 \u00a0\u00a0\u00a0 \u00a0\u00a0\u00a0 \u00a0\u00a0\u00a0 \u00a0\u00a0\u00a0 \u00a0\u00a0\u00a0 \u00a0\u00a020,00 \u20ac\/pz.<\/span><\/li><li><span lang=\"EN\" style=\"font-size: 18px; text-indent: -18pt;\"><span style=\"font-style: normal; font-variant-numeric: normal; font-variant-east-asian: normal; font-weight: normal; font-stretch: normal; font-size: 7pt; line-height: normal; font-family: 'Times New Roman';\">\u00a0<\/span><\/span><span lang=\"EN\" style=\"font-size: 18px; text-indent: -18pt;\">tavolo da campeggio\u00a0\u00a0 \u00a0\u00a0\u00a0 \u00a0\u00a0\u00a015,00 \u20ac\/pz.<\/span><\/li><li><span lang=\"EN\" style=\"font-size: 18px; text-indent: -18pt;\"><span style=\"font-style: normal; font-variant-numeric: normal; font-variant-east-asian: normal; font-weight: normal; font-stretch: normal; font-size: 7pt; line-height: normal; font-family: 'Times New Roman';\">\u00a0<\/span><\/span><span lang=\"EN\" style=\"font-size: 18px; text-indent: -18pt;\">una tanica da 20 l\u00a0\u00a0 \u00a0\u00a0\u00a0 \u00a0\u00a0\u00a0 \u00a0\u00a0\u00a0 \u00a0\u00a0 5,00 \u20ac\/pz.<\/span><\/li><li><span lang=\"EN\" style=\"font-size: 18px; text-indent: -18pt;\"><span style=\"font-style: normal; font-variant-numeric: normal; font-variant-east-asian: normal; font-weight: normal; font-stretch: normal; font-size: 7pt; line-height: normal; font-family: 'Times New Roman';\">\u00a0<\/span><\/span><span lang=\"EN\" style=\"font-size: 18px; text-indent: -18pt;\">tuta aggiuntiva\u00a0 \u00a0\u00a0\u00a0 \u00a0\u00a0\u00a0 \u00a0\u00a0\u00a0 \u00a0\u00a0\u00a0 \u00a0 \u00a0\u00a0 5,00 \u20ac\/pz.<\/span><\/li><li><span style=\"font-size: 18px; text-indent: -18pt;\">casco aggiuntivo\u00a0\u00a0 \u00a0\u00a0\u00a0 \u00a0\u00a0\u00a0 \u00a0\u00a0\u00a0 \u00a0\u00a0 \u00a0\u00a0 5,00 \u20ac\/pz.<\/span><\/li><li><span style=\"font-size: 18px; text-indent: -18pt;\">cassa 60 x 40 x 40\u00a0\u00a0\u00a0 \u00a0\u00a0\u00a0 \u00a0\u00a0\u00a0 \u00a0\u00a0\u00a0 \u00a020,00 \u20ac\/pz.<\/span><\/li><li><span lang=\"EN\" style=\"font-size: 18px; text-indent: -18pt;\"><span style=\"font-style: normal; font-variant-numeric: normal; font-variant-east-asian: normal; font-weight: normal; font-stretch: normal; font-size: 7pt; line-height: normal; font-family: 'Times New Roman';\">\u00a0<\/span><\/span><span lang=\"EN\" style=\"font-size: 18px; text-indent: -18pt;\">gomma\/cerchio\u00a0\u00a0 \u00a0\u00a0\u00a0 \u00a0\u00a0\u00a0 \u00a0\u00a0\u00a0 \u00a0\u00a0\u00a0 \u00a020,00 \u20ac\/pz.<\/span><\/li><li><span lang=\"EN\" style=\"font-size: 18px; text-indent: -18pt;\"><span style=\"font-style: normal; font-variant-numeric: normal; font-variant-east-asian: normal; font-weight: normal; font-stretch: normal; font-size: 7pt; line-height: normal; font-family: 'Times New Roman';\">\u00a0<\/span><\/span><span lang=\"EN\" style=\"font-size: 18px; text-indent: -18pt;\">carrello portattrezzi\u00a0 \u00a0 \u00a0 \u00a0 \u00a0 \u00a0 \u00a050,00 \u20ac\/pz.<\/span><\/li><\/ul><p><span style=\"font-size: 18px;\">Articoli sciolti (stivali, guanti, ciabatte, ecc.) non vengono trasportati. L&#8217;intero materiale dov\u2019essere dotato di una targhetta o di un adesivo per garantire una chiara identificazione.<\/span><\/p><div><span style=\"font-size: 18px;\">\u00a0<\/span><\/div><div><span style=\"font-size: 18px;\"><strong>Prenotazioni per il trasporto<\/strong> possono essere effetuata nel sistema di registrazione all&#8217;atto dell&#8217;iscrizione, in alternativa tramite e-mail o per telefono.<\/span><br \/><span style=\"font-size: 18px;\"><br \/><\/span><span style=\"font-size: 18px;\">Ti chiediamo di prenotare il trasporto con sufficiente anticipo.\u00a0<\/span><\/div>\t\t\t\t\t\t<\/div>\n\t\t\t\t<\/div>\n\t\t\t\t<section class=\"elementor-section elementor-inner-section elementor-element elementor-element-7d6adbd elementor-section-boxed elementor-section-height-default elementor-section-height-default\" data-id=\"7d6adbd\" data-element_type=\"section\">\n\t\t\t\t\t\t<div class=\"elementor-container elementor-column-gap-extended\">\n\t\t\t\t\t<div class=\"elementor-column elementor-col-33 elementor-inner-column elementor-element elementor-element-375756a sc_inner_width_none sc_layouts_column_icons_position_left\" data-id=\"375756a\" data-element_type=\"column\">\n\t\t\t<div class=\"elementor-widget-wrap elementor-element-populated\">\n\t\t\t\t\t\t\t\t<div class=\"elementor-element elementor-element-1e83bae elementor-align-center elementor-widget elementor-widget-button\" data-id=\"1e83bae\" data-element_type=\"widget\" data-settings=\"{&quot;_animation&quot;:&quot;none&quot;}\" data-widget_type=\"button.default\">\n\t\t\t\t<div class=\"elementor-widget-container\">\n\t\t\t\t\t<div class=\"elementor-button-wrapper\">\n\t\t\t<a class=\"elementor-button elementor-button-link elementor-size-sm elementor-animation-grow\" href=\"\/wp-content\/uploads\/2022\/03\/Transportpreis_17032022.pdf\" target=\"_blank\">\n\t\t\t\t\t\t<span class=\"elementor-button-content-wrapper\">\n\t\t\t\t\t\t<span class=\"elementor-button-icon elementor-align-icon-right\">\n\t\t\t\t<i aria-hidden=\"true\" class=\"fas fa-arrow-right\"><\/i>\t\t\t<\/span>\n\t\t\t\t\t\t<span class=\"elementor-button-text\">listino prezzi<\/span>\n\t\t<\/span>\n\t\t\t\t\t<\/a>\n\t\t<\/div>\n\t\t\t\t<\/div>\n\t\t\t\t<\/div>\n\t\t\t\t\t<\/div>\n\t\t<\/div>\n\t\t\t\t<div class=\"elementor-column elementor-col-33 elementor-inner-column elementor-element elementor-element-cfd64d0 sc_inner_width_none sc_layouts_column_icons_position_left\" data-id=\"cfd64d0\" data-element_type=\"column\">\n\t\t\t<div class=\"elementor-widget-wrap\">\n\t\t\t\t\t\t\t\t\t<\/div>\n\t\t<\/div>\n\t\t\t\t<div class=\"elementor-column elementor-col-33 elementor-inner-column elementor-element elementor-element-1367141 sc_inner_width_none sc_layouts_column_icons_position_left\" data-id=\"1367141\" data-element_type=\"column\">\n\t\t\t<div class=\"elementor-widget-wrap elementor-element-populated\">\n\t\t\t\t\t\t\t\t<div class=\"elementor-element elementor-element-d1268e5 elementor-align-center elementor-widget elementor-widget-button\" data-id=\"d1268e5\" data-element_type=\"widget\" data-settings=\"{&quot;_animation&quot;:&quot;none&quot;}\" data-widget_type=\"button.default\">\n\t\t\t\t<div class=\"elementor-widget-container\">\n\t\t\t\t\t<div class=\"elementor-button-wrapper\">\n\t\t\t<a class=\"elementor-button elementor-button-link elementor-size-sm elementor-animation-grow\" href=\"\/it\/servizi\/servizio-gomme\/\">\n\t\t\t\t\t\t<span class=\"elementor-button-content-wrapper\">\n\t\t\t\t\t\t<span class=\"elementor-button-icon elementor-align-icon-right\">\n\t\t\t\t\t\t\t\t\t<i class=\"fa fa-arrow-right\" aria-hidden=\"true\"><\/i>\n\t\t\t\t\t\t\t<\/span>\n\t\t\t\t\t\t<span class=\"elementor-button-text\">SERVIZIO GOMME<\/span>\n\t\t<\/span>\n\t\t\t\t\t<\/a>\n\t\t<\/div>\n\t\t\t\t<\/div>\n\t\t\t\t<\/div>\n\t\t\t\t\t<\/div>\n\t\t<\/div>\n\t\t\t\t\t\t\t<\/div>\n\t\t<\/section>\n\t\t\t\t\t<\/div>\n\t\t<\/div>\n\t\t\t\t\t\t\t<\/div>\n\t\t<\/section>\n\t\t\t\t<section class=\"elementor-section elementor-top-section elementor-element elementor-element-a914bd8 elementor-section-stretched elementor-section-height-min-height sc_bg_mask_bg_color elementor-section-boxed elementor-section-height-default elementor-section-items-middle\" data-id=\"a914bd8\" data-element_type=\"section\" data-settings=\"{&quot;stretch_section&quot;:&quot;section-stretched&quot;,&quot;background_background&quot;:&quot;classic&quot;,&quot;shape_divider_top&quot;:&quot;tilt&quot;,&quot;shape_divider_bottom&quot;:&quot;tilt&quot;}\">\n\t\t\t\t\t<div class=\"elementor-shape elementor-shape-top\" data-negative=\"false\">\n\t\t\t<svg xmlns=\"http:\/\/www.w3.org\/2000\/svg\" viewBox=\"0 0 1000 100\" preserveAspectRatio=\"none\">\n\t<path class=\"elementor-shape-fill\" d=\"M0,6V0h1000v100L0,6z\"\/>\n<\/svg>\t\t<\/div>\n\t\t\t\t<div class=\"elementor-shape elementor-shape-bottom\" data-negative=\"false\">\n\t\t\t<svg xmlns=\"http:\/\/www.w3.org\/2000\/svg\" viewBox=\"0 0 1000 100\" preserveAspectRatio=\"none\">\n\t<path class=\"elementor-shape-fill\" d=\"M0,6V0h1000v100L0,6z\"\/>\n<\/svg>\t\t<\/div>\n\t\t\t\t\t<div class=\"elementor-container elementor-column-gap-extended\">\n\t\t\t\t\t<div class=\"elementor-column elementor-col-100 elementor-top-column elementor-element elementor-element-54226b0 sc_inner_width_none sc_layouts_column_icons_position_left\" data-id=\"54226b0\" data-element_type=\"column\">\n\t\t\t<div class=\"elementor-widget-wrap elementor-element-populated\">\n\t\t\t\t\t\t\t\t<div class=\"elementor-element elementor-element-5813074 elementor-widget elementor-widget-heading\" data-id=\"5813074\" data-element_type=\"widget\" data-widget_type=\"heading.default\">\n\t\t\t\t<div class=\"elementor-widget-container\">\n\t\t\t<div class=\"elementor-heading-title elementor-size-xl\">Scopri gli eventi in pista di #gasss e chiss\u00e0, forse gi\u00e0 nel prossimo evento saresti dei nostri. <\/div>\t\t<\/div>\n\t\t\t\t<\/div>\n\t\t\t\t<div class=\"elementor-element elementor-element-857b7b1 elementor-align-center elementor-widget elementor-widget-button\" data-id=\"857b7b1\" data-element_type=\"widget\" data-settings=\"{&quot;_animation&quot;:&quot;none&quot;}\" data-widget_type=\"button.default\">\n\t\t\t\t<div class=\"elementor-widget-container\">\n\t\t\t\t\t<div class=\"elementor-button-wrapper\">\n\t\t\t<a class=\"elementor-button elementor-button-link elementor-size-sm elementor-animation-grow\" href=\"\/it\/eventi\/\">\n\t\t\t\t\t\t<span class=\"elementor-button-content-wrapper\">\n\t\t\t\t\t\t<span class=\"elementor-button-icon elementor-align-icon-right\">\n\t\t\t\t\t\t\t\t\t<i class=\"fa fa-arrow-right\" aria-hidden=\"true\"><\/i>\n\t\t\t\t\t\t\t<\/span>\n\t\t\t\t\t\t<span class=\"elementor-button-text\">EVENTI<\/span>\n\t\t<\/span>\n\t\t\t\t\t<\/a>\n\t\t<\/div>\n\t\t\t\t<\/div>\n\t\t\t\t<\/div>\n\t\t\t\t\t<\/div>\n\t\t<\/div>\n\t\t\t\t\t\t\t<\/div>\n\t\t<\/section>\n\t\t\t\t<section class=\"elementor-section elementor-top-section elementor-element elementor-element-b19fb0d elementor-section-boxed elementor-section-height-default elementor-section-height-default\" data-id=\"b19fb0d\" data-element_type=\"section\">\n\t\t\t\t\t\t<div class=\"elementor-container elementor-column-gap-extended\">\n\t\t\t\t\t<div class=\"elementor-column elementor-col-100 elementor-top-column elementor-element elementor-element-cb90ab0 sc_inner_width_none sc_layouts_column_icons_position_left\" data-id=\"cb90ab0\" data-element_type=\"column\">\n\t\t\t<div class=\"elementor-widget-wrap elementor-element-populated\">\n\t\t\t\t\t\t\t\t<div class=\"elementor-element elementor-element-f28aa78 mra-badge-rennstreifen2 elementor-widget elementor-widget-image\" data-id=\"f28aa78\" data-element_type=\"widget\" data-widget_type=\"image.default\">\n\t\t\t\t<div class=\"elementor-widget-container\">\n\t\t\t\t\t\t\t\t\t\t\t\t\t\t\t<img decoding=\"async\" width=\"1\" height=\"1\" src=\"https:\/\/www.gasss.eu\/wp-content\/uploads\/2019\/04\/badge_streifen.svg\" class=\"attachment-large size-large wp-image-5218\" alt=\"\" loading=\"lazy\" \/>\t\t\t\t\t\t\t\t\t\t\t\t\t\t\t<\/div>\n\t\t\t\t<\/div>\n\t\t\t\t\t<\/div>\n\t\t<\/div>\n\t\t\t\t\t\t\t<\/div>\n\t\t<\/section>\n\t\t\t\t\t\t\t<\/div>\n\t\t","protected":false},"excerpt":{"rendered":"<p>trasporto MOTO PREZZI E INFORMAZIONI Sappiamo che il tempo oggi \u00e8 un bene prezioso, quindi ti offriamo di portare la tua cara&hellip;<\/p>\n","protected":false},"author":1,"featured_media":0,"parent":8001,"menu_order":0,"comment_status":"closed","ping_status":"closed","template":"","meta":{"_price":"","_stock":"","_tribe_ticket_header":"","_tribe_default_ticket_provider":"","_tribe_ticket_capacity":"0","_ticket_start_date":"","_ticket_end_date":"","_tribe_ticket_show_description":"","_tribe_ticket_show_not_going":false,"_tribe_ticket_use_global_stock":"","_tribe_ticket_global_stock_level":"","_global_stock_mode":"","_global_stock_cap":"","_tribe_rsvp_for_event":"","_tribe_ticket_going_count":"","_tribe_ticket_not_going_count":"","_tribe_tickets_list":[],"_tribe_ticket_has_attendee_info_fields":false},"aioseo_notices":[],"_links":{"self":[{"href":"https:\/\/www.gasss.eu\/it\/wp-json\/wp\/v2\/pages\/8063"}],"collection":[{"href":"https:\/\/www.gasss.eu\/it\/wp-json\/wp\/v2\/pages"}],"about":[{"href":"https:\/\/www.gasss.eu\/it\/wp-json\/wp\/v2\/types\/page"}],"author":[{"embeddable":true,"href":"https:\/\/www.gasss.eu\/it\/wp-json\/wp\/v2\/users\/1"}],"replies":[{"embeddable":true,"href":"https:\/\/www.gasss.eu\/it\/wp-json\/wp\/v2\/comments?post=8063"}],"version-history":[{"count":24,"href":"https:\/\/www.gasss.eu\/it\/wp-json\/wp\/v2\/pages\/8063\/revisions"}],"predecessor-version":[{"id":21249,"href":"https:\/\/www.gasss.eu\/it\/wp-json\/wp\/v2\/pages\/8063\/revisions\/21249"}],"up":[{"embeddable":true,"href":"https:\/\/www.gasss.eu\/it\/wp-json\/wp\/v2\/pages\/8001"}],"wp:attachment":[{"href":"https:\/\/www.gasss.eu\/it\/wp-json\/wp\/v2\/media?parent=8063"}],"curies":[{"name":"wp","href":"https:\/\/api.w.org\/{rel}","templated":true}]}}